{"id":863,"date":"2024-09-25T12:46:13","date_gmt":"2024-09-25T12:46:13","guid":{"rendered":"https:\/\/arkhedimensionnel.com\/?page_id=863"},"modified":"2025-01-09T20:27:15","modified_gmt":"2025-01-09T20:27:15","slug":"arkhe-dimensionnel-3","status":"publish","type":"page","link":"https:\/\/arkhedimensionnel.com\/","title":{"rendered":"L&rsquo;Arkh\u00e8 Dimensionnel"},"content":{"rendered":"\n<div class=\"wp-block-cover alignfull has-aspect-ratio\" style=\"min-height:1037px;aspect-ratio:16\/9;min-height:unset;\"><span aria-hidden=\"true\" class=\"wp-block-cover__background has-background-dim-30 has-background-dim\" style=\"background-color:#24244e\"><\/span><img loading=\"lazy\" decoding=\"async\" width=\"1024\" height=\"1024\" class=\"wp-block-cover__image-background wp-image-1418\" alt=\"\" src=\"https:\/\/arkhedimensionnel.com\/wp-content\/uploads\/2025\/01\/IA-IH-2.webp\" data-object-fit=\"cover\" srcset=\"https:\/\/arkhedimensionnel.com\/wp-content\/uploads\/2025\/01\/IA-IH-2.webp 1024w, https:\/\/arkhedimensionnel.com\/wp-content\/uploads\/2025\/01\/IA-IH-2-300x300.webp 300w, https:\/\/arkhedimensionnel.com\/wp-content\/uploads\/2025\/01\/IA-IH-2-150x150.webp 150w, https:\/\/arkhedimensionnel.com\/wp-content\/uploads\/2025\/01\/IA-IH-2-768x768.webp 768w\" sizes=\"auto, (max-width: 1024px) 100vw, 1024px\" \/><div class=\"wp-block-cover__inner-container has-global-padding is-layout-constrained wp-block-cover-is-layout-constrained\">\n<h1 class=\"wp-block-heading has-text-align-center has-text-color has-link-color wp-elements-9932d709cddf76c14f11086a8f310da8\" style=\"color:#f9f9f9;font-size:clamp(33.419px, 2.089rem + ((1vw - 3.2px) * 3.021), 60px);font-style:normal;font-weight:500;letter-spacing:1px\">L&rsquo;ARKH\u00c8 DIMENSIONNEL<\/h1>\n\n\n\n<h2 class=\"wp-block-heading has-text-align-center has-text-color has-link-color wp-elements-eb0f386c2b1e5118ce0ec7f8b7220d4d\" style=\"color:#f9f9f9;font-size:clamp(18.959px, 1.185rem + ((1vw - 3.2px) * 1.255), 30px);font-style:normal;font-weight:500;line-height:1.2\">D\u00c9COUVRIR LES DIMENSIONS DE SON ARKH\u00c8 DIMENSIONNEL<\/h2>\n<\/div><\/div>\n\n\n\n<h3 class=\"wp-block-heading\" style=\"font-size:clamp(14px, 0.875rem + ((1vw - 3.2px) * 0.455), 18px);\"><strong>D\u00c9COUVRIR LES DIMENSIONS DE SON ARKH\u00c8 DIMENSIONNEL<\/strong><\/h3>\n\n\n\n<div class=\"wp-block-group alignfull has-global-padding is-layout-constrained wp-block-group-is-layout-constrained\">\n<p class=\"has--font-size\" style=\"padding-top:0;padding-right:0;padding-bottom:0;padding-left:0\"><strong>L&rsquo;Arkh\u00e8 Dimensionnel\u00ae<\/strong>&nbsp;est un dispositif innovant d&rsquo;accompagnement op\u00e9rationnel. Il a \u00e9t\u00e9 \u00e9labor\u00e9 par Jean-Marc Sauveur et Lucie Caldwell et pr\u00e9sent\u00e9 dans leur ouvrage&nbsp;<em>\u00ab \u00catre, pour agir sur soi et le monde \u00bb<\/em>. Ce dispositif permet aux individus de ma\u00eetriser les diff\u00e9rentes dimensions de la communication en int\u00e9grant la singularit\u00e9 de chacun. L&rsquo;AKD int\u00e8gre les architectures des diverses dimensions qui composent une interaction.  <br><\/p>\n<\/div>\n\n\n\n<h3 class=\"wp-block-heading\" style=\"font-size:clamp(14px, 0.875rem + ((1vw - 3.2px) * 0.455), 18px);\"><strong>ORIGINE ET SIGNIFICATION DE L&rsquo;ARKH\u00c8 DIMENSIONNEL\u00ae<\/strong><\/h3>\n\n\n\n<p>Le terme&nbsp;<strong>\u00ab\u00a0Arkh\u00e8\u00a0\u00bb<\/strong>&nbsp;provient du grec ancien et signifie \u00ab\u00a0origine\u00a0\u00bb, \u00ab\u00a0commencement\u00a0\u00bb ou \u00ab\u00a0principe fondamental\u00a0\u00bb. Il symbolise la sp\u00e9cificit\u00e9 et l&rsquo;authenticit\u00e9 de chaque individu. Chaque individu poss\u00e8de une cartographie qui lui est singuli\u00e8re et qui englobe l&rsquo;int\u00e9gralit\u00e9 de l&rsquo;\u00eatre avec ses ressources et potentialit\u00e9s.&nbsp;<strong>\u00ab\u00a0Dimensionnel\u00a0\u00bb<\/strong>&nbsp;fait r\u00e9f\u00e9rence \u00e0 la multiplicit\u00e9 des dimensions \u2013 comportement, psychologie, langage, interactions \u2013 qui structurent les interactions et la communication. Ainsi, l&rsquo;Arkh\u00e8 Dimensionnel\u00ae est d\u00e9fini comme le point de d\u00e9part pour comprendre et optimiser les diff\u00e9rentes facettes de la communication et du comportement. Un Arkh\u00e8 sp\u00e9cifique est d\u00e9tenu par chaque individu, constituant la base de sa capacit\u00e9 \u00e0 interagir efficacement avec son environnement.<br><\/p>\n\n\n\n<h3 class=\"wp-block-heading\" style=\"font-size:clamp(14px, 0.875rem + ((1vw - 3.2px) * 0.455), 18px);\"><strong>LES COMPOSANTES DE L&rsquo;ARKH\u00c8 DIMENSIONNEL\u00ae<\/strong><\/h3>\n\n\n\n<p class=\"has-text-align-left\">Le dispositif de l&rsquo;Arkh\u00e8 Dimensionnel\u00ae se d\u00e9cline en plusieurs \u00e9l\u00e9ments cl\u00e9s. L&rsquo;Arkh\u00e8 individuel repr\u00e9sente une cartographie interne unique, r\u00e9v\u00e9lant l&rsquo;identit\u00e9 profonde, les ressources et les potentialit\u00e9s. En d\u00e9cryptant cet Arkh\u00e8, un monde de potentiel inexplor\u00e9 est d\u00e9voil\u00e9, facilitant une meilleure connaissance de soi et l&rsquo;exploitation des v\u00e9ritables capacit\u00e9s. Le processus&nbsp;<strong>Strengthening\u00ae<\/strong>&nbsp;a pour objectif de solidifier l\u2019identit\u00e9 propre de l\u2019individu, renfor\u00e7ant sa r\u00e9silience face aux d\u00e9fis et aux bouleversements. L\u2019authenticit\u00e9 est renforc\u00e9e, les ressources internes sont mobilis\u00e9es, les croyances limitantes sont lev\u00e9es, et de nouveaux champs de perception et d\u2019action sont ouverts.<\/p>\n\n\n\n<p>Par ailleurs, l\u2019outil heuristique&nbsp;<strong>Straighten Up\u00ae<\/strong>&nbsp;vise un r\u00e9ajustement \u00e9motionnel et cognitif imm\u00e9diat dans des interactions complexes et \u00e0 forts enjeux. Il agit simultan\u00e9ment sur plusieurs dimensions, facilitant une prise de d\u00e9cision rapide et adapt\u00e9e en coh\u00e9rence avec l\u2019identit\u00e9 de l\u2019individu.<br><\/p>\n\n\n\n<h3 class=\"wp-block-heading\" style=\"font-size:clamp(14px, 0.875rem + ((1vw - 3.2px) * 0.455), 18px);\"><strong>LES PLANS DIMENSIONNELS<\/strong><\/h3>\n\n\n\n<p>L&rsquo;Arkh\u00e8 Dimensionnel\u00ae int\u00e8gre \u00e9galement trois plans dimensionnels essentiels. Le&nbsp;<strong>plan vertical I TO I<\/strong>&nbsp;concerne la connexion de soi \u00e0 soi-m\u00eame. Il travaille sur le comportement, la psychologie et la perception de la r\u00e9alit\u00e9 individuelle, \u00e9tablissant une base solide de connaissance de soi et de r\u00e9silience personnelle. Le&nbsp;<strong>plan horizontal I TO YOU<\/strong> aborde la nature des interactions avec les autres. Il d\u00e9finit la communication interpersonnelle et les dynamiques comportementales et attitudes, permettant d\u2019am\u00e9liorer les comp\u00e9tences en communication et de renforcer les relations interpersonnelles.<\/p>\n\n\n\n<p>Le&nbsp;plan global<strong> I TO WE<\/strong>&nbsp;se traduit concr\u00e8tement par la capacit\u00e9 \u00e0 agir dans le monde. La connaissance de son Arkh\u00e8 permet le d\u00e9ploiement de son v\u00e9ritable Arkh\u00e8, int\u00e9grant la singularit\u00e9, l&rsquo;unicit\u00e9 et la sp\u00e9cificit\u00e9 de l&rsquo;individu. Le I to We correspond \u00e0 l&rsquo;atteinte de la totalit\u00e9 et \u00e0 la possibilit\u00e9 d&rsquo;exprimer l&rsquo;int\u00e9gralit\u00e9 de son potentiel, de sa puissance et de sa singularit\u00e9. En combinant les plans vertical et horizontal, ce plan global permet le d\u00e9ploiement du potentiel r\u00e9el, un positionnement sans faille et un comportement responsable au sein de la communaut\u00e9, favorisant ainsi une coh\u00e9sion sociale et un leadership efficace.<br><\/p>\n\n\n\n<h3 class=\"wp-block-heading\" style=\"font-size:clamp(14px, 0.875rem + ((1vw - 3.2px) * 0.455), 18px);\"><strong>LE POUVOIR TRANSFORMATIONNEL<\/strong><\/h3>\n\n\n\n<p>Au c\u0153ur de l&rsquo;Arkh\u00e8 Dimensionnel\u00ae r\u00e9side le&nbsp;Pouvoir Transformationnel, une force immense inh\u00e9rente \u00e0 chaque individu. Ce pouvoir permet de s&rsquo;affranchir des limites auto-impos\u00e9es et d&rsquo;exploiter pleinement ses ressources \u00e0 travers des actions align\u00e9es avec son v\u00e9ritable moi. En lib\u00e9rant ce potentiel, l&rsquo;individu est capable de s&rsquo;incarner pleinement, de prendre sa place dans son environnement et de contribuer de mani\u00e8re significative au monde qui l&rsquo;entoure.<br><\/p>\n\n\n\n<h3 class=\"wp-block-heading\" style=\"font-size:clamp(14px, 0.875rem + ((1vw - 3.2px) * 0.455), 18px);\"><strong>OBJECTIFS ET APPLICATIONS DE L&rsquo;ARKH\u00c8 DIMENSIONNEL\u00ae<\/strong><\/h3>\n\n\n\n<p>L&rsquo;Arkh\u00e8 Dimensionnel\u00ae a \u00e9t\u00e9 d\u00e9velopp\u00e9 pour offrir aux individus les moyens d\u2019agir efficacement dans tous les aspects de leurs interactions. En unifiant des domaines distincts tels que la psychologie, la communication et le comportement, une compr\u00e9hension approfondie de soi et de son environnement est permise. Ses applications pratiques sont multiples, allant du d\u00e9veloppement personnel \u00e0 la communication interpersonnelle, en passant par la performance professionnelle et la th\u00e9rapie. La connaissance de soi, la gestion des \u00e9motions, le renforcement de l\u2019identit\u00e9, l\u2019am\u00e9lioration des comp\u00e9tences en communication, l\u2019optimisation des capacit\u00e9s de leadership, la prise de d\u00e9cision et la gestion des conflits sont facilit\u00e9es. De plus, des outils puissants sont offerts pour accompagner les individus dans leur parcours de transformation et de r\u00e9alisation de soi.<br><\/p>\n\n\n\n<h3 class=\"wp-block-heading\" style=\"font-size:clamp(14px, 0.875rem + ((1vw - 3.2px) * 0.455), 18px);\"><strong>CONCLUSION<\/strong><\/h3>\n\n\n\n<p>En conclusion, l&rsquo;Arkh\u00e8 Dimensionnel\u00ae repr\u00e9sente une avanc\u00e9e significative dans le domaine du d\u00e9veloppement personnel et de la communication. Une m\u00e9thode structur\u00e9e et int\u00e9gr\u00e9e est offerte pour d\u00e9couvrir, d\u00e9crypter et ma\u00eetriser son Arkh\u00e8 individuel, permettant ainsi aux individus de r\u00e9aliser leur plein potentiel et de transformer leurs interactions avec le monde. Gr\u00e2ce aux outils innovants, le&nbsp;<strong>Strengthening\u00ae<\/strong>&nbsp;et le&nbsp;<strong>Straighten Up\u00ae<\/strong>, ainsi qu&rsquo;aux plans dimensionnels, l&rsquo;Arkh\u00e8 Dimensionnel\u00ae se positionne comme une ressource essentielle pour quiconque aspire \u00e0 une vie \u00e9panouie et performante.<\/p>\n\n\n\n<p><\/p>\n\n\n\n<div class=\"wp-block-buttons is-content-justification-center is-layout-flex wp-container-core-buttons-is-layout-a89b3969 wp-block-buttons-is-layout-flex\">\n<div class=\"wp-block-button is-style-outline is-style-outline--1\"><a class=\"wp-block-button__link wp-element-button\" href=\"http:\/\/www.beandrise.com\">BE &amp; RISE<\/a><\/div>\n<\/div>\n\n\n\n<p><\/p>\n","protected":false},"excerpt":{"rendered":"<p>D\u00c9COUVRIR LES DIMENSIONS DE SON ARKH\u00c8 DIMENSIONNEL L&rsquo;Arkh\u00e8 Dimensionnel\u00ae&nbsp;est un dispositif innovant d&rsquo;accompagnement op\u00e9rationnel. Il a \u00e9t\u00e9 \u00e9labor\u00e9 par Jean-Marc Sauveur et Lucie Caldwell et pr\u00e9sent\u00e9 dans leur ouvrage&nbsp;\u00ab \u00catre, pour agir sur soi et le monde \u00bb. Ce dispositif permet aux individus de ma\u00eetriser les diff\u00e9rentes dimensions de la communication en int\u00e9grant la singularit\u00e9 [&hellip;]<\/p>\n","protected":false},"author":1,"featured_media":1418,"parent":0,"menu_order":0,"comment_status":"closed","ping_status":"closed","template":"","meta":{"footnotes":""},"class_list":["post-863","page","type-page","status-publish","has-post-thumbnail","hentry"],"yoast_head":"<!-- This site is optimized with the Yoast SEO plugin v27.4 - https:\/\/yoast.com\/product\/yoast-seo-wordpress\/ -->\n<title>L&#039;Arkh\u00e8 Dimensionnel - L&#039;Arkh\u00e8 Dimensionnel<\/title>\n<meta name=\"description\" content=\"l\u2019Arkh\u00e8 Dimensionnel\u00ae, un dispositif innovant pour ma\u00eetriser la communication et d\u00e9velopper votre potentiel personnel et professionnel.\" \/>\n<meta name=\"robots\" content=\"index, follow, max-snippet:-1, max-image-preview:large, max-video-preview:-1\" \/>\n<link rel=\"canonical\" href=\"https:\/\/arkhedimensionnel.com\/\" \/>\n<meta property=\"og:locale\" content=\"fr_FR\" \/>\n<meta property=\"og:type\" content=\"article\" \/>\n<meta property=\"og:title\" content=\"L&#039;Arkh\u00e8 Dimensionnel - L&#039;Arkh\u00e8 Dimensionnel\" \/>\n<meta property=\"og:description\" content=\"l\u2019Arkh\u00e8 Dimensionnel\u00ae, un dispositif innovant pour ma\u00eetriser la communication et d\u00e9velopper votre potentiel personnel et professionnel.\" \/>\n<meta property=\"og:url\" content=\"https:\/\/arkhedimensionnel.com\/\" \/>\n<meta property=\"og:site_name\" content=\"L&#039;Arkh\u00e8 Dimensionnel\" \/>\n<meta property=\"article:publisher\" content=\"https:\/\/www.facebook.com\/beandrise.france\" \/>\n<meta property=\"article:modified_time\" content=\"2025-01-09T20:27:15+00:00\" \/>\n<meta property=\"og:image\" content=\"https:\/\/arkhedimensionnel.com\/wp-content\/uploads\/2025\/01\/IA-IH-2.webp\" \/>\n\t<meta property=\"og:image:width\" content=\"1024\" \/>\n\t<meta property=\"og:image:height\" content=\"1024\" \/>\n\t<meta property=\"og:image:type\" content=\"image\/webp\" \/>\n<meta name=\"twitter:card\" content=\"summary_large_image\" \/>\n<meta name=\"twitter:label1\" content=\"Dur\u00e9e de lecture estim\u00e9e\" \/>\n\t<meta name=\"twitter:data1\" content=\"5 minutes\" \/>\n<script type=\"application\/ld+json\" class=\"yoast-schema-graph\">{\"@context\":\"https:\\\/\\\/schema.org\",\"@graph\":[{\"@type\":\"WebPage\",\"@id\":\"https:\\\/\\\/arkhedimensionnel.com\\\/\",\"url\":\"https:\\\/\\\/arkhedimensionnel.com\\\/\",\"name\":\"L'Arkh\u00e8 Dimensionnel - L&#039;Arkh\u00e8 Dimensionnel\",\"isPartOf\":{\"@id\":\"https:\\\/\\\/arkhedimensionnel.com\\\/#website\"},\"primaryImageOfPage\":{\"@id\":\"https:\\\/\\\/arkhedimensionnel.com\\\/#primaryimage\"},\"image\":{\"@id\":\"https:\\\/\\\/arkhedimensionnel.com\\\/#primaryimage\"},\"thumbnailUrl\":\"https:\\\/\\\/arkhedimensionnel.com\\\/wp-content\\\/uploads\\\/2025\\\/01\\\/IA-IH-2.webp\",\"datePublished\":\"2024-09-25T12:46:13+00:00\",\"dateModified\":\"2025-01-09T20:27:15+00:00\",\"description\":\"l\u2019Arkh\u00e8 Dimensionnel\u00ae, un dispositif innovant pour ma\u00eetriser la communication et d\u00e9velopper votre potentiel personnel et professionnel.\",\"breadcrumb\":{\"@id\":\"https:\\\/\\\/arkhedimensionnel.com\\\/#breadcrumb\"},\"inLanguage\":\"fr-FR\",\"potentialAction\":[{\"@type\":\"ReadAction\",\"target\":[\"https:\\\/\\\/arkhedimensionnel.com\\\/\"]}]},{\"@type\":\"ImageObject\",\"inLanguage\":\"fr-FR\",\"@id\":\"https:\\\/\\\/arkhedimensionnel.com\\\/#primaryimage\",\"url\":\"https:\\\/\\\/arkhedimensionnel.com\\\/wp-content\\\/uploads\\\/2025\\\/01\\\/IA-IH-2.webp\",\"contentUrl\":\"https:\\\/\\\/arkhedimensionnel.com\\\/wp-content\\\/uploads\\\/2025\\\/01\\\/IA-IH-2.webp\",\"width\":1024,\"height\":1024},{\"@type\":\"BreadcrumbList\",\"@id\":\"https:\\\/\\\/arkhedimensionnel.com\\\/#breadcrumb\",\"itemListElement\":[{\"@type\":\"ListItem\",\"position\":1,\"name\":\"Accueil\",\"item\":\"https:\\\/\\\/arkhedimensionnel.com\\\/\"},{\"@type\":\"ListItem\",\"position\":2,\"name\":\"L&rsquo;Arkh\u00e8 Dimensionnel\"}]},{\"@type\":\"WebSite\",\"@id\":\"https:\\\/\\\/arkhedimensionnel.com\\\/#website\",\"url\":\"https:\\\/\\\/arkhedimensionnel.com\\\/\",\"name\":\"L&#039;Arkh\u00e8 Dimensionnel\",\"description\":\"L&#039;Art de la Communication\",\"publisher\":{\"@id\":\"https:\\\/\\\/arkhedimensionnel.com\\\/#organization\"},\"potentialAction\":[{\"@type\":\"SearchAction\",\"target\":{\"@type\":\"EntryPoint\",\"urlTemplate\":\"https:\\\/\\\/arkhedimensionnel.com\\\/?s={search_term_string}\"},\"query-input\":{\"@type\":\"PropertyValueSpecification\",\"valueRequired\":true,\"valueName\":\"search_term_string\"}}],\"inLanguage\":\"fr-FR\"},{\"@type\":\"Organization\",\"@id\":\"https:\\\/\\\/arkhedimensionnel.com\\\/#organization\",\"name\":\"Le dispositif de l'Arkh\u00e8 Dimensionnel\",\"url\":\"https:\\\/\\\/arkhedimensionnel.com\\\/\",\"logo\":{\"@type\":\"ImageObject\",\"inLanguage\":\"fr-FR\",\"@id\":\"https:\\\/\\\/arkhedimensionnel.com\\\/#\\\/schema\\\/logo\\\/image\\\/\",\"url\":\"https:\\\/\\\/arkhedimensionnel.com\\\/wp-content\\\/uploads\\\/2024\\\/09\\\/transparent.png\",\"contentUrl\":\"https:\\\/\\\/arkhedimensionnel.com\\\/wp-content\\\/uploads\\\/2024\\\/09\\\/transparent.png\",\"width\":2363,\"height\":676,\"caption\":\"Le dispositif de l'Arkh\u00e8 Dimensionnel\"},\"image\":{\"@id\":\"https:\\\/\\\/arkhedimensionnel.com\\\/#\\\/schema\\\/logo\\\/image\\\/\"},\"sameAs\":[\"https:\\\/\\\/www.facebook.com\\\/beandrise.france\",\"https:\\\/\\\/www.linkedin.com\\\/company\\\/be-rise\\\/\",\"https:\\\/\\\/www.instagram.com\\\/be.and.rise\\\/\"]}]}<\/script>\n<!-- \/ Yoast SEO plugin. -->","yoast_head_json":{"title":"L'Arkh\u00e8 Dimensionnel - L&#039;Arkh\u00e8 Dimensionnel","description":"l\u2019Arkh\u00e8 Dimensionnel\u00ae, un dispositif innovant pour ma\u00eetriser la communication et d\u00e9velopper votre potentiel personnel et professionnel.","robots":{"index":"index","follow":"follow","max-snippet":"max-snippet:-1","max-image-preview":"max-image-preview:large","max-video-preview":"max-video-preview:-1"},"canonical":"https:\/\/arkhedimensionnel.com\/","og_locale":"fr_FR","og_type":"article","og_title":"L'Arkh\u00e8 Dimensionnel - L&#039;Arkh\u00e8 Dimensionnel","og_description":"l\u2019Arkh\u00e8 Dimensionnel\u00ae, un dispositif innovant pour ma\u00eetriser la communication et d\u00e9velopper votre potentiel personnel et professionnel.","og_url":"https:\/\/arkhedimensionnel.com\/","og_site_name":"L&#039;Arkh\u00e8 Dimensionnel","article_publisher":"https:\/\/www.facebook.com\/beandrise.france","article_modified_time":"2025-01-09T20:27:15+00:00","og_image":[{"width":1024,"height":1024,"url":"https:\/\/arkhedimensionnel.com\/wp-content\/uploads\/2025\/01\/IA-IH-2.webp","type":"image\/webp"}],"twitter_card":"summary_large_image","twitter_misc":{"Dur\u00e9e de lecture estim\u00e9e":"5 minutes"},"schema":{"@context":"https:\/\/schema.org","@graph":[{"@type":"WebPage","@id":"https:\/\/arkhedimensionnel.com\/","url":"https:\/\/arkhedimensionnel.com\/","name":"L'Arkh\u00e8 Dimensionnel - L&#039;Arkh\u00e8 Dimensionnel","isPartOf":{"@id":"https:\/\/arkhedimensionnel.com\/#website"},"primaryImageOfPage":{"@id":"https:\/\/arkhedimensionnel.com\/#primaryimage"},"image":{"@id":"https:\/\/arkhedimensionnel.com\/#primaryimage"},"thumbnailUrl":"https:\/\/arkhedimensionnel.com\/wp-content\/uploads\/2025\/01\/IA-IH-2.webp","datePublished":"2024-09-25T12:46:13+00:00","dateModified":"2025-01-09T20:27:15+00:00","description":"l\u2019Arkh\u00e8 Dimensionnel\u00ae, un dispositif innovant pour ma\u00eetriser la communication et d\u00e9velopper votre potentiel personnel et professionnel.","breadcrumb":{"@id":"https:\/\/arkhedimensionnel.com\/#breadcrumb"},"inLanguage":"fr-FR","potentialAction":[{"@type":"ReadAction","target":["https:\/\/arkhedimensionnel.com\/"]}]},{"@type":"ImageObject","inLanguage":"fr-FR","@id":"https:\/\/arkhedimensionnel.com\/#primaryimage","url":"https:\/\/arkhedimensionnel.com\/wp-content\/uploads\/2025\/01\/IA-IH-2.webp","contentUrl":"https:\/\/arkhedimensionnel.com\/wp-content\/uploads\/2025\/01\/IA-IH-2.webp","width":1024,"height":1024},{"@type":"BreadcrumbList","@id":"https:\/\/arkhedimensionnel.com\/#breadcrumb","itemListElement":[{"@type":"ListItem","position":1,"name":"Accueil","item":"https:\/\/arkhedimensionnel.com\/"},{"@type":"ListItem","position":2,"name":"L&rsquo;Arkh\u00e8 Dimensionnel"}]},{"@type":"WebSite","@id":"https:\/\/arkhedimensionnel.com\/#website","url":"https:\/\/arkhedimensionnel.com\/","name":"L&#039;Arkh\u00e8 Dimensionnel","description":"L&#039;Art de la Communication","publisher":{"@id":"https:\/\/arkhedimensionnel.com\/#organization"},"potentialAction":[{"@type":"SearchAction","target":{"@type":"EntryPoint","urlTemplate":"https:\/\/arkhedimensionnel.com\/?s={search_term_string}"},"query-input":{"@type":"PropertyValueSpecification","valueRequired":true,"valueName":"search_term_string"}}],"inLanguage":"fr-FR"},{"@type":"Organization","@id":"https:\/\/arkhedimensionnel.com\/#organization","name":"Le dispositif de l'Arkh\u00e8 Dimensionnel","url":"https:\/\/arkhedimensionnel.com\/","logo":{"@type":"ImageObject","inLanguage":"fr-FR","@id":"https:\/\/arkhedimensionnel.com\/#\/schema\/logo\/image\/","url":"https:\/\/arkhedimensionnel.com\/wp-content\/uploads\/2024\/09\/transparent.png","contentUrl":"https:\/\/arkhedimensionnel.com\/wp-content\/uploads\/2024\/09\/transparent.png","width":2363,"height":676,"caption":"Le dispositif de l'Arkh\u00e8 Dimensionnel"},"image":{"@id":"https:\/\/arkhedimensionnel.com\/#\/schema\/logo\/image\/"},"sameAs":["https:\/\/www.facebook.com\/beandrise.france","https:\/\/www.linkedin.com\/company\/be-rise\/","https:\/\/www.instagram.com\/be.and.rise\/"]}]}},"_links":{"self":[{"href":"https:\/\/arkhedimensionnel.com\/index.php?rest_route=\/wp\/v2\/pages\/863","targetHints":{"allow":["GET"]}}],"collection":[{"href":"https:\/\/arkhedimensionnel.com\/index.php?rest_route=\/wp\/v2\/pages"}],"about":[{"href":"https:\/\/arkhedimensionnel.com\/index.php?rest_route=\/wp\/v2\/types\/page"}],"author":[{"embeddable":true,"href":"https:\/\/arkhedimensionnel.com\/index.php?rest_route=\/wp\/v2\/users\/1"}],"replies":[{"embeddable":true,"href":"https:\/\/arkhedimensionnel.com\/index.php?rest_route=%2Fwp%2Fv2%2Fcomments&post=863"}],"version-history":[{"count":36,"href":"https:\/\/arkhedimensionnel.com\/index.php?rest_route=\/wp\/v2\/pages\/863\/revisions"}],"predecessor-version":[{"id":1420,"href":"https:\/\/arkhedimensionnel.com\/index.php?rest_route=\/wp\/v2\/pages\/863\/revisions\/1420"}],"wp:featuredmedia":[{"embeddable":true,"href":"https:\/\/arkhedimensionnel.com\/index.php?rest_route=\/wp\/v2\/media\/1418"}],"wp:attachment":[{"href":"https:\/\/arkhedimensionnel.com\/index.php?rest_route=%2Fwp%2Fv2%2Fmedia&parent=863"}],"curies":[{"name":"wp","href":"https:\/\/api.w.org\/{rel}","templated":true}]}}